{"id":28,"date":"2023-04-19T09:27:39","date_gmt":"2023-04-19T07:27:39","guid":{"rendered":"http:\/\/unlock-cave.hgi-cgs.hr\/?page_id=28"},"modified":"2023-05-29T09:15:52","modified_gmt":"2023-05-29T07:15:52","slug":"team","status":"publish","type":"page","link":"https:\/\/unlock-cave.hgi-cgs.hr\/index.php\/team\/","title":{"rendered":"Team"},"content":{"rendered":"<p>[et_pb_section fb_built=&#8221;1&#8243; fullwidth=&#8221;on&#8221; _builder_version=&#8221;4.20.4&#8243; _module_preset=&#8221;default&#8221; global_colors_info=&#8221;{}&#8221;][et_pb_fullwidth_slider disabled_on=&#8221;on|off|off&#8221; _builder_version=&#8221;4.20.4&#8243; _module_preset=&#8221;default&#8221; custom_padding=&#8221;38px||688px|||&#8221; auto=&#8221;on&#8221; auto_speed=&#8221;5000&#8243; global_colors_info=&#8221;{}&#8221;][et_pb_slide _builder_version=&#8221;4.20.4&#8243; _module_preset=&#8221;default&#8221; header_level=&#8221;h2&#8243; header_font=&#8221;|600||on|||||&#8221; header_text_color=&#8221;#e8e8e8&#8243; body_font=&#8221;|600|||||||&#8221; body_text_color=&#8221;#e8e8e8&#8243; body_font_size=&#8221;19px&#8221; background_color=&#8221;RGBA(255,255,255,0)&#8221; background_enable_color=&#8221;on&#8221; background_image=&#8221;http:\/\/unlock-cave.hgi-cgs.hr\/wp-content\/uploads\/2023\/05\/1-3-scaled.jpg&#8221; background_enable_image=&#8221;on&#8221; max_width=&#8221;102%&#8221; global_colors_info=&#8221;{}&#8221; sticky_transition=&#8221;on&#8221;][\/et_pb_slide][et_pb_slide _builder_version=&#8221;4.20.4&#8243; _module_preset=&#8221;default&#8221; background_image=&#8221;http:\/\/unlock-cave.hgi-cgs.hr\/wp-content\/uploads\/2023\/05\/2-2-scaled.jpg&#8221; background_enable_image=&#8221;on&#8221; global_colors_info=&#8221;{}&#8221; sticky_transition=&#8221;on&#8221;][\/et_pb_slide][et_pb_slide _builder_version=&#8221;4.20.4&#8243; _module_preset=&#8221;default&#8221; background_image=&#8221;http:\/\/unlock-cave.hgi-cgs.hr\/wp-content\/uploads\/2023\/05\/4-1-scaled.jpg&#8221; background_enable_image=&#8221;on&#8221; global_colors_info=&#8221;{}&#8221; sticky_transition=&#8221;on&#8221;][\/et_pb_slide][\/et_pb_fullwidth_slider][et_pb_fullwidth_slider disabled_on=&#8221;off|on|on&#8221; _builder_version=&#8221;4.20.4&#8243; _module_preset=&#8221;default&#8221; max_height=&#8221;355px&#8221; custom_padding=&#8221;38px||613px|||&#8221; auto=&#8221;on&#8221; auto_speed=&#8221;5000&#8243; global_colors_info=&#8221;{}&#8221;][et_pb_slide _builder_version=&#8221;4.20.4&#8243; _module_preset=&#8221;default&#8221; header_level=&#8221;h2&#8243; header_font=&#8221;|600||on|||||&#8221; header_text_color=&#8221;#e8e8e8&#8243; body_font=&#8221;|600|||||||&#8221; body_text_color=&#8221;#e8e8e8&#8243; body_font_size=&#8221;19px&#8221; background_color=&#8221;RGBA(255,255,255,0)&#8221; background_enable_color=&#8221;on&#8221; background_image=&#8221;http:\/\/unlock-cave.hgi-cgs.hr\/wp-content\/uploads\/2023\/05\/1-3-scaled.jpg&#8221; background_enable_image=&#8221;on&#8221; max_width=&#8221;102%&#8221; global_colors_info=&#8221;{}&#8221; sticky_transition=&#8221;on&#8221;][\/et_pb_slide][et_pb_slide _builder_version=&#8221;4.20.4&#8243; _module_preset=&#8221;default&#8221; background_image=&#8221;http:\/\/unlock-cave.hgi-cgs.hr\/wp-content\/uploads\/2023\/05\/2-2-scaled.jpg&#8221; background_enable_image=&#8221;on&#8221; global_colors_info=&#8221;{}&#8221; sticky_transition=&#8221;on&#8221;][\/et_pb_slide][et_pb_slide _builder_version=&#8221;4.20.4&#8243; _module_preset=&#8221;default&#8221; background_image=&#8221;http:\/\/unlock-cave.hgi-cgs.hr\/wp-content\/uploads\/2023\/05\/3a-scaled.jpg&#8221; background_enable_image=&#8221;on&#8221; global_colors_info=&#8221;{}&#8221; sticky_transition=&#8221;on&#8221;][\/et_pb_slide][et_pb_slide _builder_version=&#8221;4.20.4&#8243; _module_preset=&#8221;default&#8221; background_image=&#8221;http:\/\/unlock-cave.hgi-cgs.hr\/wp-content\/uploads\/2023\/05\/4-1-scaled.jpg&#8221; background_enable_image=&#8221;on&#8221; global_colors_info=&#8221;{}&#8221; sticky_transition=&#8221;on&#8221;][\/et_pb_slide][\/et_pb_fullwidth_slider][\/et_pb_section][et_pb_section fb_built=&#8221;1&#8243; admin_label=&#8221;Projects&#8221; _builder_version=&#8221;4.20.0&#8243; _module_preset=&#8221;default&#8221; custom_padding=&#8221;70px||176px|||&#8221; collapsed=&#8221;on&#8221; global_colors_info=&#8221;{}&#8221;][et_pb_row column_structure=&#8221;1_4,3_4&#8243; _builder_version=&#8221;4.20.4&#8243; _module_preset=&#8221;default&#8221; global_colors_info=&#8221;{}&#8221;][et_pb_column type=&#8221;1_4&#8243; _builder_version=&#8221;4.20.4&#8243; _module_preset=&#8221;default&#8221; global_colors_info=&#8221;{}&#8221;][et_pb_image src=&#8221;http:\/\/unlock-cave.hgi-cgs.hr\/wp-content\/uploads\/2023\/05\/pb.jpg&#8221; title_text=&#8221;pb&#8221; align=&#8221;center&#8221; _builder_version=&#8221;4.20.4&#8243; _module_preset=&#8221;default&#8221; width=&#8221;96%&#8221; module_alignment=&#8221;right&#8221; border_radii=&#8221;on|5px|5px|5px|5px&#8221; global_colors_info=&#8221;{}&#8221;][\/et_pb_image][\/et_pb_column][et_pb_column type=&#8221;3_4&#8243; _builder_version=&#8221;4.20.4&#8243; _module_preset=&#8221;default&#8221; global_colors_info=&#8221;{}&#8221;][et_pb_text _builder_version=&#8221;4.20.4&#8243; _module_preset=&#8221;default&#8221; text_font_size=&#8221;17px&#8221; custom_margin=&#8221;15px||||false|false&#8221; hover_enabled=&#8221;0&#8243; global_colors_info=&#8221;{}&#8221; sticky_enabled=&#8221;0&#8243;]<\/p>\n<h3>Petra Bajo, PhD\u00a0 <a href=\"https:\/\/www.researchgate.net\/profile\/Petra-Bajo\" target=\"_blank\" rel=\"noopener\"><img loading=\"lazy\" decoding=\"async\" src=\"http:\/\/unlock-cave.hgi-cgs.hr\/wp-content\/uploads\/2023\/05\/index.png\" alt=\"\" class=\"wp-image-170 alignnone size-full\" width=\"18\" height=\"18\" srcset=\"https:\/\/unlock-cave.hgi-cgs.hr\/wp-content\/uploads\/2023\/05\/index.png 225w, https:\/\/unlock-cave.hgi-cgs.hr\/wp-content\/uploads\/2023\/05\/index-150x150.png 150w\" sizes=\"(max-width: 18px) 100vw, 18px\" \/><\/a><\/h3>\n<p style=\"text-align: justify;\">Petra is a senior research associate at the Croatian Geological Survey in Zagreb. Her scientific interests lie in exploring the timing and causes of past climate variations spanning sub-decadal to orbital time scales based on geochemical proxies in speleothems. Petra is the leader of the UNLOCK-CAVE project.<\/p>\n<p>[\/et_pb_text][\/et_pb_column][\/et_pb_row][et_pb_row column_structure=&#8221;1_4,3_4&#8243; _builder_version=&#8221;4.20.4&#8243; _module_preset=&#8221;default&#8221; global_colors_info=&#8221;{}&#8221;][et_pb_column type=&#8221;1_4&#8243; _builder_version=&#8221;4.20.4&#8243; _module_preset=&#8221;default&#8221; global_colors_info=&#8221;{}&#8221;][et_pb_image src=&#8221;http:\/\/unlock-cave.hgi-cgs.hr\/wp-content\/uploads\/2023\/05\/anica.jpg&#8221; title_text=&#8221;anica&#8221; align=&#8221;center&#8221; _builder_version=&#8221;4.20.4&#8243; _module_preset=&#8221;default&#8221; width=&#8221;96%&#8221; module_alignment=&#8221;right&#8221; border_radii=&#8221;on|5px|5px|5px|5px&#8221; global_colors_info=&#8221;{}&#8221;][\/et_pb_image][\/et_pb_column][et_pb_column type=&#8221;3_4&#8243; _builder_version=&#8221;4.20.4&#8243; _module_preset=&#8221;default&#8221; global_colors_info=&#8221;{}&#8221;][et_pb_text _builder_version=&#8221;4.20.4&#8243; _module_preset=&#8221;default&#8221; text_font_size=&#8221;17px&#8221; custom_margin=&#8221;15px||||false|false&#8221; hover_enabled=&#8221;0&#8243; global_colors_info=&#8221;{}&#8221; sticky_enabled=&#8221;0&#8243;]<\/p>\n<h3>Anica Benuti\u0107, PhD\u00a0 <a href=\"https:\/\/www.researchgate.net\/scientific-contributions\/Anica-Benutic-2004399320\" target=\"_blank\" rel=\"noopener\"><img loading=\"lazy\" decoding=\"async\" src=\"http:\/\/unlock-cave.hgi-cgs.hr\/wp-content\/uploads\/2023\/05\/index.png\" alt=\"\" class=\"wp-image-170 alignnone size-full\" width=\"18\" height=\"18\" srcset=\"https:\/\/unlock-cave.hgi-cgs.hr\/wp-content\/uploads\/2023\/05\/index.png 225w, https:\/\/unlock-cave.hgi-cgs.hr\/wp-content\/uploads\/2023\/05\/index-150x150.png 150w\" sizes=\"(max-width: 18px) 100vw, 18px\" \/><\/a><\/h3>\n<p style=\"text-align: justify;\">Anica is a group leader of a Unit for Metals and Metalloids at the Croatian Institute for Public Health in Zagreb. She holds a PhD in analytical chemistry and is an expert in elemental analyses of various matrices by ICP-qMS. Within UNLOCK-CAVE project Anica is responsible for trace element analyses of drip water, soil water and farmed calcite samples.<\/p>\n<p>[\/et_pb_text][\/et_pb_column][\/et_pb_row][et_pb_row column_structure=&#8221;1_4,3_4&#8243; _builder_version=&#8221;4.20.4&#8243; _module_preset=&#8221;default&#8221; global_colors_info=&#8221;{}&#8221;][et_pb_column type=&#8221;1_4&#8243; _builder_version=&#8221;4.20.4&#8243; _module_preset=&#8221;default&#8221; global_colors_info=&#8221;{}&#8221;][et_pb_image src=&#8221;http:\/\/unlock-cave.hgi-cgs.hr\/wp-content\/uploads\/2023\/05\/maja.jpg&#8221; title_text=&#8221;maja&#8221; align=&#8221;center&#8221; _builder_version=&#8221;4.20.4&#8243; _module_preset=&#8221;default&#8221; width=&#8221;96%&#8221; module_alignment=&#8221;right&#8221; border_radii=&#8221;on|5px|5px|5px|5px&#8221; global_colors_info=&#8221;{}&#8221;][\/et_pb_image][\/et_pb_column][et_pb_column type=&#8221;3_4&#8243; _builder_version=&#8221;4.20.4&#8243; _module_preset=&#8221;default&#8221; global_colors_info=&#8221;{}&#8221;][et_pb_text _builder_version=&#8221;4.20.4&#8243; _module_preset=&#8221;default&#8221; text_font_size=&#8221;17px&#8221; custom_margin=&#8221;5px||||false|false&#8221; global_colors_info=&#8221;{}&#8221;]<\/p>\n<h3>Maja Bri\u0161ki, PhD\u00a0 <a href=\"https:\/\/www.researchgate.net\/profile\/Maja-Briski-2\" target=\"_blank\" rel=\"noopener\"><img loading=\"lazy\" decoding=\"async\" src=\"http:\/\/unlock-cave.hgi-cgs.hr\/wp-content\/uploads\/2023\/05\/index.png\" alt=\"\" class=\"wp-image-170 alignnone size-full\" width=\"18\" height=\"18\" srcset=\"https:\/\/unlock-cave.hgi-cgs.hr\/wp-content\/uploads\/2023\/05\/index.png 225w, https:\/\/unlock-cave.hgi-cgs.hr\/wp-content\/uploads\/2023\/05\/index-150x150.png 150w\" sizes=\"(max-width: 18px) 100vw, 18px\" \/><\/a><\/h3>\n<p style=\"text-align: justify;\">Maja is a research associate at the Croatian Geological Survey. She completed PhD in hydrogeology and her expertise is numerical modelling of groundwater flow, application of geophysics in hydrogeology and stable isotope systematics in water cycle. Within UNLOCK-CAVE project she is actively participating in cave monitoring and is responsible for chemical analyses of major anions and cations and stable isotopes of water samples.<\/p>\n<p>[\/et_pb_text][\/et_pb_column][\/et_pb_row][et_pb_row column_structure=&#8221;1_4,3_4&#8243; _builder_version=&#8221;4.20.4&#8243; _module_preset=&#8221;default&#8221; global_colors_info=&#8221;{}&#8221;][et_pb_column type=&#8221;1_4&#8243; _builder_version=&#8221;4.20.4&#8243; _module_preset=&#8221;default&#8221; global_colors_info=&#8221;{}&#8221;][et_pb_image src=&#8221;http:\/\/unlock-cave.hgi-cgs.hr\/wp-content\/uploads\/2023\/04\/Vlatko-Brcic.jpg&#8221; title_text=&#8221;Vlatko Br\u010di\u0107&#8221; align=&#8221;center&#8221; _builder_version=&#8221;4.20.4&#8243; _module_preset=&#8221;default&#8221; width=&#8221;96%&#8221; module_alignment=&#8221;right&#8221; border_radii=&#8221;on|5px|5px|5px|5px&#8221; global_colors_info=&#8221;{}&#8221;][\/et_pb_image][\/et_pb_column][et_pb_column type=&#8221;3_4&#8243; _builder_version=&#8221;4.20.4&#8243; _module_preset=&#8221;default&#8221; global_colors_info=&#8221;{}&#8221;][et_pb_text _builder_version=&#8221;4.20.4&#8243; _module_preset=&#8221;default&#8221; text_font_size=&#8221;17px&#8221; custom_margin=&#8221;15px||||false|false&#8221; global_colors_info=&#8221;{}&#8221;]<\/p>\n<h3>Vlatko Br\u010di\u0107, PhD\u00a0 <a href=\"https:\/\/www.researchgate.net\/profile\/Vlatko-Brcic\" target=\"_blank\" rel=\"noopener\"><img loading=\"lazy\" decoding=\"async\" src=\"http:\/\/unlock-cave.hgi-cgs.hr\/wp-content\/uploads\/2023\/05\/index.png\" alt=\"\" class=\"wp-image-170 alignnone size-full\" width=\"18\" height=\"18\" srcset=\"https:\/\/unlock-cave.hgi-cgs.hr\/wp-content\/uploads\/2023\/05\/index.png 225w, https:\/\/unlock-cave.hgi-cgs.hr\/wp-content\/uploads\/2023\/05\/index-150x150.png 150w\" sizes=\"(max-width: 18px) 100vw, 18px\" \/><\/a><\/h3>\n<p style=\"text-align: justify;\">Vlatko holds a PhD in geology and is employed as a research associate at the Croatian Geological Survey. His research interests span from sedimentology, geological mapping, stratigraphy to paleogeography. Vlatko is involved in UNLOCK-CAVE project through active participation in cave monitoring, petrography investigation of thin sections and technical support.<\/p>\n<p>[\/et_pb_text][\/et_pb_column][\/et_pb_row][et_pb_row column_structure=&#8221;1_4,3_4&#8243; _builder_version=&#8221;4.20.4&#8243; _module_preset=&#8221;default&#8221; global_colors_info=&#8221;{}&#8221;][et_pb_column type=&#8221;1_4&#8243; _builder_version=&#8221;4.20.4&#8243; _module_preset=&#8221;default&#8221; global_colors_info=&#8221;{}&#8221;][et_pb_image src=&#8221;http:\/\/unlock-cave.hgi-cgs.hr\/wp-content\/uploads\/2023\/05\/nikolina.jpg&#8221; title_text=&#8221;nikolina&#8221; align=&#8221;center&#8221; _builder_version=&#8221;4.20.4&#8243; _module_preset=&#8221;default&#8221; width=&#8221;96%&#8221; module_alignment=&#8221;right&#8221; border_radii=&#8221;on|5px|5px|5px|5px&#8221; global_colors_info=&#8221;{}&#8221;][\/et_pb_image][\/et_pb_column][et_pb_column type=&#8221;3_4&#8243; _builder_version=&#8221;4.20.4&#8243; _module_preset=&#8221;default&#8221; global_colors_info=&#8221;{}&#8221;][et_pb_text _builder_version=&#8221;4.20.4&#8243; _module_preset=&#8221;default&#8221; text_font_size=&#8221;17px&#8221; custom_margin=&#8221;15px||||false|false&#8221; global_colors_info=&#8221;{}&#8221;]<\/p>\n<h3>Nikolina Ilijani\u0107, PhD\u00a0 <a href=\"https:\/\/www.researchgate.net\/profile\/Nikolina-Ilijanic\" target=\"_blank\" rel=\"noopener\"><img loading=\"lazy\" decoding=\"async\" src=\"http:\/\/unlock-cave.hgi-cgs.hr\/wp-content\/uploads\/2023\/05\/index.png\" alt=\"\" class=\"wp-image-170 alignnone size-full\" width=\"18\" height=\"18\" srcset=\"https:\/\/unlock-cave.hgi-cgs.hr\/wp-content\/uploads\/2023\/05\/index.png 225w, https:\/\/unlock-cave.hgi-cgs.hr\/wp-content\/uploads\/2023\/05\/index-150x150.png 150w\" sizes=\"(max-width: 18px) 100vw, 18px\" \/><\/a><\/h3>\n<p style=\"text-align: justify;\">Nikolina obtained a PhD in geology and is employed as a senior research associate at the Croatian Geological Survey. Her major research interest lies in palaeolimnological research of Croatian karst lakes. Nikolina is contributing to UNLOCK-CAVE project through her expertise in XRD and elemental analyses of geological samples.<\/p>\n<p>[\/et_pb_text][\/et_pb_column][\/et_pb_row][et_pb_row column_structure=&#8221;1_4,3_4&#8243; _builder_version=&#8221;4.20.4&#8243; _module_preset=&#8221;default&#8221; global_colors_info=&#8221;{}&#8221;][et_pb_column type=&#8221;1_4&#8243; _builder_version=&#8221;4.20.4&#8243; _module_preset=&#8221;default&#8221; global_colors_info=&#8221;{}&#8221;][et_pb_image src=&#8221;http:\/\/unlock-cave.hgi-cgs.hr\/wp-content\/uploads\/2023\/04\/Iva-Palatinus.jpeg&#8221; title_text=&#8221;Iva Palatinu\u0161&#8221; align=&#8221;center&#8221; _builder_version=&#8221;4.20.4&#8243; _module_preset=&#8221;default&#8221; width=&#8221;96%&#8221; module_alignment=&#8221;right&#8221; border_radii=&#8221;on|5px|5px|5px|5px&#8221; global_colors_info=&#8221;{}&#8221;][\/et_pb_image][\/et_pb_column][et_pb_column type=&#8221;3_4&#8243; _builder_version=&#8221;4.20.4&#8243; _module_preset=&#8221;default&#8221; global_colors_info=&#8221;{}&#8221;][et_pb_text _builder_version=&#8221;4.20.4&#8243; _module_preset=&#8221;default&#8221; text_font_size=&#8221;17px&#8221; custom_margin=&#8221;15px||||false|false&#8221; global_colors_info=&#8221;{}&#8221;]<\/p>\n<h3>Iva Palatinu\u0161, mag.geol. <a href=\"https:\/\/www.researchgate.net\/profile\/Iva-Palatinus\" target=\"_blank\" rel=\"noopener\"><img loading=\"lazy\" decoding=\"async\" src=\"http:\/\/unlock-cave.hgi-cgs.hr\/wp-content\/uploads\/2023\/05\/index.png\" alt=\"\" class=\"wp-image-170 alignnone size-full\" width=\"18\" height=\"18\" srcset=\"https:\/\/unlock-cave.hgi-cgs.hr\/wp-content\/uploads\/2023\/05\/index.png 225w, https:\/\/unlock-cave.hgi-cgs.hr\/wp-content\/uploads\/2023\/05\/index-150x150.png 150w\" sizes=\"(max-width: 18px) 100vw, 18px\" \/><\/a><\/h3>\n<p style=\"text-align: justify;\">Iva recently completed a Master in Geology from the University of Zagreb and joined UNLOCK-CAVE team as a PhD student. The aim of Iva\u2019s PhD thesis is twofold. In the first part Iva is focused on disentangling the processes responsible for transferring the climate signal from the surface to the speleothems. The second aim is to explore the link between the isotopic composition of speleothems at our study site and the North Atlantic Oscillation (NAO), a major mode of internal climate variability in the North Atlantic region.<\/p>\n<p>[\/et_pb_text][\/et_pb_column][\/et_pb_row][et_pb_row column_structure=&#8221;1_4,3_4&#8243; _builder_version=&#8221;4.20.4&#8243; _module_preset=&#8221;default&#8221; global_colors_info=&#8221;{}&#8221;][et_pb_column type=&#8221;1_4&#8243; _builder_version=&#8221;4.20.4&#8243; _module_preset=&#8221;default&#8221; global_colors_info=&#8221;{}&#8221;][et_pb_image src=&#8221;http:\/\/unlock-cave.hgi-cgs.hr\/wp-content\/uploads\/2023\/05\/andreja.jpg&#8221; title_text=&#8221;andreja&#8221; align=&#8221;center&#8221; _builder_version=&#8221;4.20.4&#8243; _module_preset=&#8221;default&#8221; width=&#8221;96%&#8221; module_alignment=&#8221;right&#8221; border_radii=&#8221;on|5px|5px|5px|5px&#8221; global_colors_info=&#8221;{}&#8221;][\/et_pb_image][\/et_pb_column][et_pb_column type=&#8221;3_4&#8243; _builder_version=&#8221;4.20.4&#8243; _module_preset=&#8221;default&#8221; global_colors_info=&#8221;{}&#8221;][et_pb_text _builder_version=&#8221;4.20.4&#8243; _module_preset=&#8221;default&#8221; text_font_size=&#8221;17px&#8221; custom_margin=&#8221;15px||||false|false&#8221; global_colors_info=&#8221;{}&#8221;]<\/p>\n<h3>Andreja Sironi\u0107, PhD\u00a0 <a href=\"https:\/\/www.researchgate.net\/profile\/Andreja-Sironic\" target=\"_blank\" rel=\"noopener\"><img loading=\"lazy\" decoding=\"async\" src=\"http:\/\/unlock-cave.hgi-cgs.hr\/wp-content\/uploads\/2023\/05\/index.png\" alt=\"\" class=\"wp-image-170 alignnone size-full\" width=\"18\" height=\"18\" srcset=\"https:\/\/unlock-cave.hgi-cgs.hr\/wp-content\/uploads\/2023\/05\/index.png 225w, https:\/\/unlock-cave.hgi-cgs.hr\/wp-content\/uploads\/2023\/05\/index-150x150.png 150w\" sizes=\"(max-width: 18px) 100vw, 18px\" \/><\/a><\/h3>\n<p style=\"text-align: justify;\">Andreja is a professional advisor from the Institute Ru\u0111er Bo\u0161kovi\u0107 in Zagreb with a PhD in analytical chemistry. Andreja has a broad experience in 14C dating of carbonate samples. Within UNLOCK-CAVE project she is responsible for preparation of speleothem and drip water samples for 14C analyses by AMS and for 3H analyses of drip water samples.<\/p>\n<p>[\/et_pb_text][\/et_pb_column][\/et_pb_row][\/et_pb_section]<\/p>\n","protected":false},"excerpt":{"rendered":"<p>Petra Bajo, PhD\u00a0 Petra is a senior research associate at the Croatian Geological Survey in Zagreb. Her scientific interests lie in exploring the timing and causes of past climate variations spanning sub-decadal to orbital time scales based on geochemical proxies in speleothems. Petra is the leader of the UNLOCK-CAVE project.Anica Benuti\u0107, PhD\u00a0 Anica is a [&hellip;]<\/p>\n","protected":false},"author":2,"featured_media":0,"parent":0,"menu_order":0,"comment_status":"closed","ping_status":"closed","template":"","meta":{"_et_pb_use_builder":"on","_et_pb_old_content":"","_et_gb_content_width":"","ngg_post_thumbnail":0,"footnotes":""},"class_list":["post-28","page","type-page","status-publish","hentry"],"_links":{"self":[{"href":"https:\/\/unlock-cave.hgi-cgs.hr\/index.php\/wp-json\/wp\/v2\/pages\/28","targetHints":{"allow":["GET"]}}],"collection":[{"href":"https:\/\/unlock-cave.hgi-cgs.hr\/index.php\/wp-json\/wp\/v2\/pages"}],"about":[{"href":"https:\/\/unlock-cave.hgi-cgs.hr\/index.php\/wp-json\/wp\/v2\/types\/page"}],"author":[{"embeddable":true,"href":"https:\/\/unlock-cave.hgi-cgs.hr\/index.php\/wp-json\/wp\/v2\/users\/2"}],"replies":[{"embeddable":true,"href":"https:\/\/unlock-cave.hgi-cgs.hr\/index.php\/wp-json\/wp\/v2\/comments?post=28"}],"version-history":[{"count":23,"href":"https:\/\/unlock-cave.hgi-cgs.hr\/index.php\/wp-json\/wp\/v2\/pages\/28\/revisions"}],"predecessor-version":[{"id":408,"href":"https:\/\/unlock-cave.hgi-cgs.hr\/index.php\/wp-json\/wp\/v2\/pages\/28\/revisions\/408"}],"wp:attachment":[{"href":"https:\/\/unlock-cave.hgi-cgs.hr\/index.php\/wp-json\/wp\/v2\/media?parent=28"}],"curies":[{"name":"wp","href":"https:\/\/api.w.org\/{rel}","templated":true}]}}